{"id":20260,"date":"2026-03-31T14:32:46","date_gmt":"2026-03-31T17:32:46","guid":{"rendered":"https:\/\/diseno.duoc.cl\/ddhub\/?page_id=20260"},"modified":"2026-04-01T22:43:46","modified_gmt":"2026-04-02T01:43:46","slug":"observatorio-de-tendencias","status":"publish","type":"page","link":"https:\/\/diseno.duoc.cl\/ddhub\/observatorio-de-tendencias\/","title":{"rendered":"Observatorio de tendencias"},"content":{"rendered":"\n<p>El observatorio de tendencias del DDHUB es un espacio que, siguiendo los lineamientos institucionales, realiza vigilancia tecnol\u00f3gica\/disciplinar, a trav\u00e9s de la gesti\u00f3n en tiempo real de distintas fuentes de informaci\u00f3n (p\u00fablicas y privadas) con foco en aquellos \u00e1mbitos que propician la generaci\u00f3n de innovaci\u00f3n en Dise\u00f1o.<br><br>Para el DDHUB la vigilancia tecnol\u00f3gica\/disciplinar es la identificaci\u00f3n, evaluaci\u00f3n y uso de las se\u00f1ales iniciales para reconocer y advertir en una fase temprana tecnolog\u00edas, metodolog\u00edas, servicios, procesos, productos o sistemas emergentes, as\u00ed como tambi\u00e9n la discontinuidad de estos y sus oportunidades y amenazas.<\/p>\n\n\n\n<div style=\"height:100px\" aria-hidden=\"true\" class=\"wp-block-spacer\"><\/div>\n","protected":false},"excerpt":{"rendered":"<p>El observatorio de tendencias del DDHUB es un espacio que, siguiendo los lineamientos institucionales, realiza vigilancia tecnol\u00f3gica\/disciplinar, a trav\u00e9s de la gesti\u00f3n en tiempo real de distintas fuentes de informaci\u00f3n (p\u00fablicas y privadas) con foco en aquellos \u00e1mbitos que propician la generaci\u00f3n de innovaci\u00f3n en Dise\u00f1o. Para el DDHUB la vigilancia tecnol\u00f3gica\/disciplinar es la identificaci\u00f3n, [&hellip;]<\/p>\n","protected":false},"author":1,"featured_media":19882,"parent":0,"menu_order":0,"comment_status":"closed","ping_status":"closed","template":"observatorio-page.php","meta":{"_acf_changed":false,"footnotes":""},"class_list":["post-20260","page","type-page","status-publish","has-post-thumbnail","hentry"],"acf":{"color_fondo":"#2b2577","color_fondo_source":{"label":"Color de fondo","type":"select","formatted_value":"#2b2577"},"color_titulo":"#c2d500","color_titulo_source":{"label":"Color de T\u00edtulo","type":"select","formatted_value":"#c2d500"},"color_texto":"#FFFFFF","color_texto_source":{"label":"Color de texto","type":"select","formatted_value":"#FFFFFF"},"color_boton":"#c4d600","color_boton_source":{"label":"Color de bot\u00f3n","type":"select","formatted_value":"#c4d600"},"imagen_de_la_seccion":{"ID":20205,"id":20205,"title":"contacto-1","filename":"contacto-1.png","filesize":11231,"url":"https:\/\/diseno.duoc.cl\/ddhub\/wp-content\/uploads\/2026\/03\/contacto-1.png","link":"https:\/\/diseno.duoc.cl\/ddhub\/proyectos-idi\/contacto-1\/","alt":"","author":"1","description":"","caption":"","name":"contacto-1","status":"inherit","uploaded_to":20204,"date":"2026-03-31 15:38:44","modified":"2026-03-31 15:38:44","menu_order":0,"mime_type":"image\/png","type":"image","subtype":"png","icon":"https:\/\/diseno.duoc.cl\/ddhub\/wp-includes\/images\/media\/default.png","width":467,"height":518,"sizes":{"thumbnail":"https:\/\/diseno.duoc.cl\/ddhub\/wp-content\/uploads\/2026\/03\/contacto-1-150x150.png","thumbnail-width":150,"thumbnail-height":150,"medium":"https:\/\/diseno.duoc.cl\/ddhub\/wp-content\/uploads\/2026\/03\/contacto-1-270x300.png","medium-width":270,"medium-height":300,"medium_large":"https:\/\/diseno.duoc.cl\/ddhub\/wp-content\/uploads\/2026\/03\/contacto-1.png","medium_large-width":467,"medium_large-height":518,"large":"https:\/\/diseno.duoc.cl\/ddhub\/wp-content\/uploads\/2026\/03\/contacto-1.png","large-width":467,"large-height":518,"1536x1536":"https:\/\/diseno.duoc.cl\/ddhub\/wp-content\/uploads\/2026\/03\/contacto-1.png","1536x1536-width":467,"1536x1536-height":518,"2048x2048":"https:\/\/diseno.duoc.cl\/ddhub\/wp-content\/uploads\/2026\/03\/contacto-1.png","2048x2048-width":467,"2048x2048-height":518}},"imagen_de_la_seccion_source":{"label":"Imagen de la secci\u00f3n","type":"image","formatted_value":{"ID":20205,"id":20205,"title":"contacto-1","filename":"contacto-1.png","filesize":11231,"url":"https:\/\/diseno.duoc.cl\/ddhub\/wp-content\/uploads\/2026\/03\/contacto-1.png","link":"https:\/\/diseno.duoc.cl\/ddhub\/proyectos-idi\/contacto-1\/","alt":"","author":"1","description":"","caption":"","name":"contacto-1","status":"inherit","uploaded_to":20204,"date":"2026-03-31 15:38:44","modified":"2026-03-31 15:38:44","menu_order":0,"mime_type":"image\/png","type":"image","subtype":"png","icon":"https:\/\/diseno.duoc.cl\/ddhub\/wp-includes\/images\/media\/default.png","width":467,"height":518,"sizes":{"thumbnail":"https:\/\/diseno.duoc.cl\/ddhub\/wp-content\/uploads\/2026\/03\/contacto-1-150x150.png","thumbnail-width":150,"thumbnail-height":150,"medium":"https:\/\/diseno.duoc.cl\/ddhub\/wp-content\/uploads\/2026\/03\/contacto-1-270x300.png","medium-width":270,"medium-height":300,"medium_large":"https:\/\/diseno.duoc.cl\/ddhub\/wp-content\/uploads\/2026\/03\/contacto-1.png","medium_large-width":467,"medium_large-height":518,"large":"https:\/\/diseno.duoc.cl\/ddhub\/wp-content\/uploads\/2026\/03\/contacto-1.png","large-width":467,"large-height":518,"1536x1536":"https:\/\/diseno.duoc.cl\/ddhub\/wp-content\/uploads\/2026\/03\/contacto-1.png","1536x1536-width":467,"1536x1536-height":518,"2048x2048":"https:\/\/diseno.duoc.cl\/ddhub\/wp-content\/uploads\/2026\/03\/contacto-1.png","2048x2048-width":467,"2048x2048-height":518}}}},"_links":{"self":[{"href":"https:\/\/diseno.duoc.cl\/ddhub\/wp-json\/wp\/v2\/pages\/20260","targetHints":{"allow":["GET"]}}],"collection":[{"href":"https:\/\/diseno.duoc.cl\/ddhub\/wp-json\/wp\/v2\/pages"}],"about":[{"href":"https:\/\/diseno.duoc.cl\/ddhub\/wp-json\/wp\/v2\/types\/page"}],"author":[{"embeddable":true,"href":"https:\/\/diseno.duoc.cl\/ddhub\/wp-json\/wp\/v2\/users\/1"}],"replies":[{"embeddable":true,"href":"https:\/\/diseno.duoc.cl\/ddhub\/wp-json\/wp\/v2\/comments?post=20260"}],"version-history":[{"count":3,"href":"https:\/\/diseno.duoc.cl\/ddhub\/wp-json\/wp\/v2\/pages\/20260\/revisions"}],"predecessor-version":[{"id":20343,"href":"https:\/\/diseno.duoc.cl\/ddhub\/wp-json\/wp\/v2\/pages\/20260\/revisions\/20343"}],"wp:featuredmedia":[{"embeddable":true,"href":"https:\/\/diseno.duoc.cl\/ddhub\/wp-json\/wp\/v2\/media\/19882"}],"wp:attachment":[{"href":"https:\/\/diseno.duoc.cl\/ddhub\/wp-json\/wp\/v2\/media?parent=20260"}],"curies":[{"name":"wp","href":"https:\/\/api.w.org\/{rel}","templated":true}]}}